{"id":214,"date":"2026-03-06T09:13:44","date_gmt":"2026-03-06T09:13:44","guid":{"rendered":"https:\/\/arquitectonicagrupo.creativos75.es\/?page_id=214"},"modified":"2026-03-25T09:42:54","modified_gmt":"2026-03-25T09:42:54","slug":"quienes-somos","status":"publish","type":"page","link":"https:\/\/arquitectonicagrupo.creativos75.es\/index.php\/quienes-somos\/","title":{"rendered":"Qui\u00e9nes somos"},"content":{"rendered":"<p>[et_pb_section fb_built=\u00bb1&#8243; _builder_version=\u00bb4.27.5&#8243; _module_preset=\u00bbdefault\u00bb background_image=\u00bbhttps:\/\/arquitectonicagrupo.creativos75.es\/wp-content\/uploads\/2026\/03\/IMG_6685-scaled.jpeg\u00bb background_enable_video_mp4=\u00bboff\u00bb transform_translate=\u00bb0px|-188px\u00bb transform_translate_linked=\u00bboff\u00bb custom_padding=\u00bb||466px|||\u00bb animation_style=\u00bbslide\u00bb animation_duration=\u00bb1550ms\u00bb global_colors_info=\u00bb{}\u00bb][\/et_pb_section][et_pb_section fb_built=\u00bb1&#8243; _builder_version=\u00bb4.27.5&#8243; _module_preset=\u00bbdefault\u00bb width=\u00bb42%\u00bb min_height=\u00bb189.7px\u00bb custom_margin=\u00bb-100px|-158px|||false|false\u00bb custom_padding=\u00bb|0px|3px|||\u00bb border_color_all=\u00bb#000000&#8243; border_width_bottom=\u00bb1px\u00bb global_colors_info=\u00bb{}\u00bb][et_pb_row _builder_version=\u00bb4.27.5&#8243; _module_preset=\u00bbdefault\u00bb width=\u00bb100%\u00bb custom_margin=\u00bb|auto|-1px|70px||\u00bb custom_padding=\u00bb0px||2px|||\u00bb global_colors_info=\u00bb{}\u00bb][et_pb_column type=\u00bb4_4&#8243; _builder_version=\u00bb4.27.5&#8243; _module_preset=\u00bbdefault\u00bb global_colors_info=\u00bb{}\u00bb][et_pb_image src=\u00bbhttps:\/\/arquitectonicagrupo.creativos75.es\/wp-content\/uploads\/2026\/03\/logo-footer.jpg\u00bb title_text=\u00bblogo-footer\u00bb _builder_version=\u00bb4.27.5&#8243; _module_preset=\u00bbdefault\u00bb width=\u00bb69%\u00bb custom_margin=\u00bb19px|||5px||\u00bb global_colors_info=\u00bb{}\u00bb][\/et_pb_image][\/et_pb_column][\/et_pb_row][\/et_pb_section][et_pb_section fb_built=\u00bb1&#8243; _builder_version=\u00bb4.27.5&#8243; _module_preset=\u00bbdefault\u00bb global_colors_info=\u00bb{}\u00bb][et_pb_row column_structure=\u00bb1_2,1_2&#8243; _builder_version=\u00bb4.27.5&#8243; _module_preset=\u00bbdefault\u00bb custom_margin=\u00bb-5px|auto||auto||\u00bb custom_padding=\u00bb2px||10px|||\u00bb global_colors_info=\u00bb{}\u00bb][et_pb_column type=\u00bb1_2&#8243; _builder_version=\u00bb4.27.5&#8243; _module_preset=\u00bbdefault\u00bb global_colors_info=\u00bb{}\u00bb][et_pb_text _builder_version=\u00bb4.27.5&#8243; _module_preset=\u00bbdefault\u00bb hover_enabled=\u00bb0&#8243; sticky_enabled=\u00bb0&#8243; custom_margin=\u00bb||6px|||\u00bb]<\/p>\n<h3 data-start=\"387\" data-end=\"401\" style=\"text-align: justify;\">El estudio<\/h3>\n<p>[\/et_pb_text][et_pb_text _builder_version=\u00bb4.27.5&#8243; _module_preset=\u00bbdefault\u00bb global_colors_info=\u00bb{}\u00bb]<\/p>\n<h3 data-start=\"387\" data-end=\"401\" style=\"text-align: justify;\"><span style=\"font-size: 14px; color: #666666;\">Arquitect\u00f3nica Grupo nace de la uni\u00f3n entre dise\u00f1o, t\u00e9cnica y una visi\u00f3n contempor\u00e1nea de la arquitectura. Desde nuestro estudio en <\/span><strong data-start=\"534\" data-end=\"560\" style=\"font-size: 14px; color: #666666;\">Dos Hermanas (Sevilla)<\/strong><span style=\"font-size: 14px; color: #666666;\"> desarrollamos proyectos residenciales y promociones donde innovaci\u00f3n constructiva, control t\u00e9cnico y dise\u00f1o arquitect\u00f3nico trabajan de forma integrada.<\/span><\/h3>\n<p data-start=\"714\" data-end=\"900\" style=\"text-align: justify;\">Nuestro equipo combina experiencia en direcci\u00f3n de obra, desarrollo de proyectos y construcci\u00f3n industrializada, acompa\u00f1ando cada proyecto desde la idea inicial hasta su ejecuci\u00f3n final.<\/p>\n<p>[\/et_pb_text][\/et_pb_column][et_pb_column type=\u00bb1_2&#8243; _builder_version=\u00bb4.27.5&#8243; _module_preset=\u00bbdefault\u00bb global_colors_info=\u00bb{}\u00bb][et_pb_text _builder_version=\u00bb4.27.5&#8243; _module_preset=\u00bbdefault\u00bb hover_enabled=\u00bb0&#8243; sticky_enabled=\u00bb0&#8243; custom_margin=\u00bb||5px|||\u00bb]<\/p>\n<h3 data-start=\"2023\" data-end=\"2048\">Una forma de trabajar<\/h3>\n<p>[\/et_pb_text][et_pb_text _builder_version=\u00bb4.27.5&#8243; _module_preset=\u00bbdefault\u00bb custom_padding=\u00bb||0px|||\u00bb global_colors_info=\u00bb{}\u00bb]<\/p>\n<h3 data-start=\"2023\" data-end=\"2048\" style=\"text-align: justify;\"><span style=\"font-size: 14px; text-align: justify; color: #666666;\">En Arquitect\u00f3nica Grupo entendemos la arquitectura como un proceso integral donde dise\u00f1o, t\u00e9cnica y construcci\u00f3n forman parte de una misma estrategia.<\/span><\/h3>\n<p data-start=\"2202\" data-end=\"2407\" style=\"text-align: justify;\">La combinaci\u00f3n entre <strong data-start=\"2223\" data-end=\"2309\">direcci\u00f3n t\u00e9cnica, dise\u00f1o arquitect\u00f3nico y sistemas constructivos industrializados<\/strong> permite desarrollar proyectos eficientes, precisos y adaptados a las necesidades de cada cliente.<\/p>\n<p>[\/et_pb_text][\/et_pb_column][\/et_pb_row][\/et_pb_section][et_pb_section fb_built=\u00bb1&#8243; _builder_version=\u00bb4.27.5&#8243; _module_preset=\u00bbdefault\u00bb background_image=\u00bbhttps:\/\/arquitectonicagrupo.creativos75.es\/wp-content\/uploads\/2026\/03\/IMG_6680-scaled.jpeg\u00bb custom_padding=\u00bb||392px|||\u00bb global_colors_info=\u00bb{}\u00bb][\/et_pb_section][et_pb_section fb_built=\u00bb1&#8243; _builder_version=\u00bb4.27.5&#8243; _module_preset=\u00bbdefault\u00bb global_colors_info=\u00bb{}\u00bb][et_pb_row column_structure=\u00bb1_3,1_3,1_3&#8243; _builder_version=\u00bb4.27.5&#8243; _module_preset=\u00bbdefault\u00bb global_colors_info=\u00bb{}\u00bb][et_pb_column type=\u00bb1_3&#8243; _builder_version=\u00bb4.27.5&#8243; _module_preset=\u00bbdefault\u00bb global_colors_info=\u00bb{}\u00bb][et_pb_blurb title=\u00bbFernando Romero\u00bb _builder_version=\u00bb4.27.5&#8243; _module_preset=\u00bbdefault\u00bb global_colors_info=\u00bb{}\u00bb]<\/p>\n<p data-start=\"1032\" data-end=\"1129\" style=\"text-align: justify;\">Arquitecto especializado en <strong data-start=\"1060\" data-end=\"1128\">direcci\u00f3n de obra y control t\u00e9cnico de proyectos arquitect\u00f3nicos<\/strong>.<\/p>\n<p data-start=\"1131\" data-end=\"1321\" style=\"text-align: justify;\">Su trabajo se centra en supervisar cada fase de la ejecuci\u00f3n para garantizar que el proyecto se materialice conforme al dise\u00f1o, la normativa vigente y los est\u00e1ndares de calidad establecidos.<\/p>\n<p>[\/et_pb_blurb][\/et_pb_column][et_pb_column type=\u00bb1_3&#8243; _builder_version=\u00bb4.27.5&#8243; _module_preset=\u00bbdefault\u00bb global_colors_info=\u00bb{}\u00bb][et_pb_blurb title=\u00bb\u00c1ngel Romero\u00bb _builder_version=\u00bb4.27.5&#8243; _module_preset=\u00bbdefault\u00bb global_colors_info=\u00bb{}\u00bb]<\/p>\n<p data-start=\"1345\" data-end=\"1485\" style=\"text-align: justify;\">Especialista en <strong data-start=\"1361\" data-end=\"1406\">dise\u00f1o arquitect\u00f3nico y representaci\u00f3n 3D<\/strong>, con enfoque en el desarrollo de <strong data-start=\"1440\" data-end=\"1484\">sistemas de construcci\u00f3n industrializada<\/strong>.<\/p>\n<p data-start=\"1487\" data-end=\"1635\" style=\"text-align: justify;\">Aporta innovaci\u00f3n y precisi\u00f3n en la fase de dise\u00f1o, transformando conceptos arquitect\u00f3nicos en soluciones constructivas eficientes y contempor\u00e1neas.<\/p>\n<p data-start=\"1032\" data-end=\"1129\"><span style=\"font-size: 14px;\">.<\/span><\/p>\n<p>[\/et_pb_blurb][\/et_pb_column][et_pb_column type=\u00bb1_3&#8243; _builder_version=\u00bb4.27.5&#8243; _module_preset=\u00bbdefault\u00bb global_colors_info=\u00bb{}\u00bb][et_pb_blurb title=\u00bbJes\u00fas Trujillo\u00bb _builder_version=\u00bb4.27.5&#8243; _module_preset=\u00bbdefault\u00bb global_colors_info=\u00bb{}\u00bb]<\/p>\n<p data-start=\"1032\" data-end=\"1129\" style=\"text-align: justify;\">Arquitecto especializado en <strong data-start=\"1060\" data-end=\"1128\">direcci\u00f3n de obra y control t\u00e9cnico de proyectos arquitect\u00f3nicos<\/strong>.<\/p>\n<p data-start=\"1131\" data-end=\"1321\" style=\"text-align: justify;\">Su trabajo se centra en supervisar cada fase de la ejecuci\u00f3n para garantizar que el proyecto se materialice conforme al dise\u00f1o, la normativa vigente y los est\u00e1ndares de calidad establecidos.<\/p>\n<p>[\/et_pb_blurb][\/et_pb_column][\/et_pb_row][\/et_pb_section][et_pb_section fb_built=\u00bb1&#8243; _builder_version=\u00bb4.27.5&#8243; _module_preset=\u00bbdefault\u00bb background_color=\u00bb#ebebeb\u00bb custom_margin=\u00bb-4px|||||\u00bb custom_padding=\u00bb49px||129px|||\u00bb global_colors_info=\u00bb{}\u00bb][et_pb_row _builder_version=\u00bb4.27.5&#8243; _module_preset=\u00bbdefault\u00bb global_colors_info=\u00bb{}\u00bb][et_pb_column type=\u00bb4_4&#8243; _builder_version=\u00bb4.27.5&#8243; _module_preset=\u00bbdefault\u00bb global_colors_info=\u00bb{}\u00bb][et_pb_text _builder_version=\u00bb4.27.5&#8243; _module_preset=\u00bbdefault\u00bb text_font_size=\u00bb19px\u00bb custom_margin=\u00bb77px|||||\u00bb global_colors_info=\u00bb{}\u00bb]<\/p>\n<p style=\"text-align: center;\">\u00bfTienes un sue\u00f1o?<br \/>Nosotros lo hacemos realidad<\/p>\n<p>[\/et_pb_text][\/et_pb_column][\/et_pb_row][\/et_pb_section]<\/p>\n","protected":false},"excerpt":{"rendered":"<p>El estudioArquitect\u00f3nica Grupo nace de la uni\u00f3n entre dise\u00f1o, t\u00e9cnica y una visi\u00f3n contempor\u00e1nea de la arquitectura. Desde nuestro estudio en Dos Hermanas (Sevilla) desarrollamos proyectos residenciales y promociones donde innovaci\u00f3n constructiva, control t\u00e9cnico y dise\u00f1o arquitect\u00f3nico trabajan de forma integrada. Nuestro equipo combina experiencia en direcci\u00f3n de obra, desarrollo de proyectos y construcci\u00f3n industrializada, [&hellip;]<\/p>\n","protected":false},"author":2,"featured_media":0,"parent":0,"menu_order":0,"comment_status":"closed","ping_status":"closed","template":"","meta":{"_et_pb_use_builder":"on","_et_pb_old_content":"","_et_gb_content_width":"","footnotes":""},"class_list":["post-214","page","type-page","status-publish","hentry"],"_links":{"self":[{"href":"https:\/\/arquitectonicagrupo.creativos75.es\/index.php\/wp-json\/wp\/v2\/pages\/214","targetHints":{"allow":["GET"]}}],"collection":[{"href":"https:\/\/arquitectonicagrupo.creativos75.es\/index.php\/wp-json\/wp\/v2\/pages"}],"about":[{"href":"https:\/\/arquitectonicagrupo.creativos75.es\/index.php\/wp-json\/wp\/v2\/types\/page"}],"author":[{"embeddable":true,"href":"https:\/\/arquitectonicagrupo.creativos75.es\/index.php\/wp-json\/wp\/v2\/users\/2"}],"replies":[{"embeddable":true,"href":"https:\/\/arquitectonicagrupo.creativos75.es\/index.php\/wp-json\/wp\/v2\/comments?post=214"}],"version-history":[{"count":13,"href":"https:\/\/arquitectonicagrupo.creativos75.es\/index.php\/wp-json\/wp\/v2\/pages\/214\/revisions"}],"predecessor-version":[{"id":279,"href":"https:\/\/arquitectonicagrupo.creativos75.es\/index.php\/wp-json\/wp\/v2\/pages\/214\/revisions\/279"}],"wp:attachment":[{"href":"https:\/\/arquitectonicagrupo.creativos75.es\/index.php\/wp-json\/wp\/v2\/media?parent=214"}],"curies":[{"name":"wp","href":"https:\/\/api.w.org\/{rel}","templated":true}]}}