{"id":176,"date":"2026-03-05T19:48:18","date_gmt":"2026-03-05T19:48:18","guid":{"rendered":"https:\/\/arquitectonicagrupo.creativos75.es\/?page_id=176"},"modified":"2026-04-13T08:27:04","modified_gmt":"2026-04-13T08:27:04","slug":"industrializados","status":"publish","type":"page","link":"https:\/\/arquitectonicagrupo.creativos75.es\/index.php\/industrializados\/","title":{"rendered":"Industrializados"},"content":{"rendered":"<p>[et_pb_section fb_built=\u00bb1&#8243; _builder_version=\u00bb4.27.5&#8243; _module_preset=\u00bbdefault\u00bb background_enable_image=\u00bboff\u00bb background_video_mp4=\u00bbhttps:\/\/arquitectonicagrupo.creativos75.es\/wp-content\/uploads\/2026\/03\/video-entrada-1.mp4&#8243; transform_translate=\u00bb0px|-188px\u00bb transform_translate_linked=\u00bboff\u00bb custom_padding=\u00bb||533px|||\u00bb animation_style=\u00bbslide\u00bb animation_duration=\u00bb1550ms\u00bb global_colors_info=\u00bb{}\u00bb][\/et_pb_section][et_pb_section fb_built=\u00bb1&#8243; _builder_version=\u00bb4.27.5&#8243; _module_preset=\u00bbdefault\u00bb custom_margin=\u00bb-123px|||||\u00bb custom_padding=\u00bb0px||5px|||\u00bb global_colors_info=\u00bb{}\u00bb][et_pb_row column_structure=\u00bb1_2,1_2&#8243; _builder_version=\u00bb4.27.5&#8243; _module_preset=\u00bbdefault\u00bb custom_margin=\u00bb|auto||231px||\u00bb custom_padding=\u00bb||3px|||\u00bb global_colors_info=\u00bb{}\u00bb][et_pb_column type=\u00bb1_2&#8243; _builder_version=\u00bb4.27.5&#8243; _module_preset=\u00bbdefault\u00bb global_colors_info=\u00bb{}\u00bb][et_pb_image src=\u00bbhttps:\/\/arquitectonicagrupo.creativos75.es\/wp-content\/uploads\/2026\/03\/logo-cabeceras.jpg\u00bb title_text=\u00bblogo-cabeceras\u00bb _builder_version=\u00bb4.27.5&#8243; _module_preset=\u00bbdefault\u00bb width=\u00bb100%\u00bb custom_margin=\u00bb19px|||5px||\u00bb global_colors_info=\u00bb{}\u00bb][\/et_pb_image][et_pb_text _builder_version=\u00bb4.27.5&#8243; _module_preset=\u00bbdefault\u00bb global_colors_info=\u00bb{}\u00bb]<\/p>\n<h1><span>Viviendas industrializadas<\/span><\/h1>\n<p>[\/et_pb_text][et_pb_text _builder_version=\u00bb4.27.5&#8243; _module_preset=\u00bbdefault\u00bb custom_margin=\u00bb8px|||||\u00bb global_colors_info=\u00bb{}\u00bb]<\/p>\n<p data-start=\"291\" data-end=\"579\" style=\"text-align: justify;\">En <strong data-start=\"294\" data-end=\"318\">Arquitect\u00f3nica Grupo<\/strong> apostamos por la construcci\u00f3n industrializada como una evoluci\u00f3n natural de la arquitectura contempor\u00e1nea. Este sistema permite fabricar gran parte de la vivienda en entornos controlados, optimizando tiempos de ejecuci\u00f3n, calidad constructiva y sostenibilidad.<\/p>\n<p data-start=\"581\" data-end=\"830\" style=\"text-align: justify;\">La industrializaci\u00f3n reduce imprevistos en obra, mejora la precisi\u00f3n de los procesos constructivos y permite ofrecer viviendas con altos est\u00e1ndares t\u00e9cnicos y energ\u00e9ticos, manteniendo siempre el dise\u00f1o arquitect\u00f3nico como eje principal del proyecto.<\/p>\n<p data-start=\"832\" data-end=\"987\" style=\"text-align: justify;\">Cada vivienda se desarrolla de forma personalizada, adapt\u00e1ndose al terreno, al estilo de vida del cliente y a las necesidades espec\u00edficas de cada proyecto.<\/p>\n<p>&nbsp;<\/p>\n<p>[\/et_pb_text][\/et_pb_column][et_pb_column type=\u00bb1_2&#8243; _builder_version=\u00bb4.27.5&#8243; _module_preset=\u00bbdefault\u00bb global_colors_info=\u00bb{}\u00bb][et_pb_image src=\u00bbhttps:\/\/arquitectonicagrupo.creativos75.es\/wp-content\/uploads\/2026\/03\/WhatsApp-Image-2023-12-20-at-09.00.58-1.jpeg\u00bb title_text=\u00bbWhatsApp Image 2023-12-20 at 09.00.58 (1)\u00bb _builder_version=\u00bb4.27.5&#8243; _module_preset=\u00bbdefault\u00bb global_colors_info=\u00bb{}\u00bb][\/et_pb_image][\/et_pb_column][\/et_pb_row][\/et_pb_section][et_pb_section fb_built=\u00bb1&#8243; _builder_version=\u00bb4.27.5&#8243; _module_preset=\u00bbdefault\u00bb width=\u00bb42%\u00bb custom_padding=\u00bb||3px|||\u00bb border_color_all=\u00bb#000000&#8243; border_width_bottom=\u00bb1px\u00bb global_colors_info=\u00bb{}\u00bb][et_pb_row _builder_version=\u00bb4.27.5&#8243; _module_preset=\u00bbdefault\u00bb width=\u00bb100%\u00bb custom_margin=\u00bb|auto|-1px|70px||\u00bb custom_padding=\u00bb||2px|||\u00bb global_colors_info=\u00bb{}\u00bb][et_pb_column type=\u00bb4_4&#8243; _builder_version=\u00bb4.27.5&#8243; _module_preset=\u00bbdefault\u00bb global_colors_info=\u00bb{}\u00bb][et_pb_text _builder_version=\u00bb4.27.5&#8243; _module_preset=\u00bbdefault\u00bb global_colors_info=\u00bb{}\u00bb]<\/p>\n<h1 style=\"text-align: left;\">TIPOS DE CONSTRUCCIONES<\/h1>\n<p>[\/et_pb_text][\/et_pb_column][\/et_pb_row][\/et_pb_section][et_pb_section fb_built=\u00bb1&#8243; _builder_version=\u00bb4.27.5&#8243; _module_preset=\u00bbdefault\u00bb custom_padding=\u00bb||10px|||\u00bb global_colors_info=\u00bb{}\u00bb][et_pb_row column_structure=\u00bb1_3,1_3,1_3&#8243; _builder_version=\u00bb4.27.5&#8243; _module_preset=\u00bbdefault\u00bb global_colors_info=\u00bb{}\u00bb][et_pb_column type=\u00bb1_3&#8243; _builder_version=\u00bb4.27.5&#8243; _module_preset=\u00bbdefault\u00bb global_colors_info=\u00bb{}\u00bb][et_pb_blurb title=\u00bbIndustrializadas de hormig\u00f3n\u00bb image=\u00bbhttps:\/\/arquitectonicagrupo.creativos75.es\/wp-content\/uploads\/2026\/03\/modulares.jpg\u00bb _builder_version=\u00bb4.27.5&#8243; _module_preset=\u00bbdefault\u00bb global_colors_info=\u00bb{}\u00bb]<\/p>\n<p style=\"text-align: justify;\">Sistema basado en m\u00f3dulos estructurales de hormig\u00f3n prefabricado que se ejecutan en taller y se ensamblan posteriormente en obra. Ofrecen gran robustez estructural, excelente aislamiento t\u00e9rmico y una larga durabilidad, manteniendo una est\u00e9tica arquitect\u00f3nica limpia y contempor\u00e1nea.<\/p>\n<p>[\/et_pb_blurb][\/et_pb_column][et_pb_column type=\u00bb1_3&#8243; _builder_version=\u00bb4.27.5&#8243; _module_preset=\u00bbdefault\u00bb global_colors_info=\u00bb{}\u00bb][et_pb_blurb title=\u00bbModulares de acero\u00bb image=\u00bbhttps:\/\/arquitectonicagrupo.creativos75.es\/wp-content\/uploads\/2026\/04\/modular.jpg\u00bb _builder_version=\u00bb4.27.5&#8243; _module_preset=\u00bbdefault\u00bb hover_enabled=\u00bb0&#8243; global_colors_info=\u00bb{}\u00bb title_text=\u00bbmodular\u00bb sticky_enabled=\u00bb0&#8243;]<\/p>\n<p style=\"text-align: justify;\">Utiliza como base la estructura met\u00e1lica, que permite una gran flexibilidad de dise\u00f1o y rapidez de ejecuci\u00f3n. Construcci\u00f3n offsite, donde los m\u00f3dulos son fabricados en taller, para, posteriormente, transportar a obra para su montaje. Es un sistema muy eficiente que facilita la precisi\u00f3n constructiva y la adaptaci\u00f3n a diferentes tipolog\u00edas de vivienda.<\/p>\n<p>[\/et_pb_blurb][\/et_pb_column][et_pb_column type=\u00bb1_3&#8243; _builder_version=\u00bb4.27.5&#8243; _module_preset=\u00bbdefault\u00bb global_colors_info=\u00bb{}\u00bb][et_pb_blurb title=\u00bbSistema Steel Frame\u00bb image=\u00bbhttps:\/\/arquitectonicagrupo.creativos75.es\/wp-content\/uploads\/2026\/03\/acero.jpg\u00bb _builder_version=\u00bb4.27.5&#8243; _module_preset=\u00bbdefault\u00bb global_colors_info=\u00bb{}\u00bb]<\/p>\n<p style=\"text-align: justify;\">Modelo constructivo basado en perfiles de acero galvanizado con modelos estandarizados, muy econ\u00f3mico, de f\u00e1cil embalaje y transporte en contenedores mar\u00edtimos y de montaje r\u00e1pido en destino. Permite optimizar tiempos de construcci\u00f3n y alcanzar elevados niveles de eficiencia energ\u00e9tica.<\/p>\n<p>[\/et_pb_blurb][\/et_pb_column][\/et_pb_row][\/et_pb_section][et_pb_section fb_built=\u00bb1&#8243; _builder_version=\u00bb4.27.5&#8243; _module_preset=\u00bbdefault\u00bb width=\u00bb42%\u00bb custom_padding=\u00bb||3px|||\u00bb border_color_all=\u00bb#000000&#8243; border_width_bottom=\u00bb3px\u00bb global_colors_info=\u00bb{}\u00bb][et_pb_row _builder_version=\u00bb4.27.5&#8243; _module_preset=\u00bbdefault\u00bb width=\u00bb100%\u00bb custom_margin=\u00bb|auto|-1px|70px||\u00bb custom_padding=\u00bb||2px|||\u00bb global_colors_info=\u00bb{}\u00bb][et_pb_column type=\u00bb4_4&#8243; _builder_version=\u00bb4.27.5&#8243; _module_preset=\u00bbdefault\u00bb global_colors_info=\u00bb{}\u00bb][et_pb_text _builder_version=\u00bb4.27.5&#8243; _module_preset=\u00bbdefault\u00bb global_colors_info=\u00bb{}\u00bb]<\/p>\n<h1 style=\"text-align: left;\">OTROS TIPOS DE PROYECTOS<\/h1>\n<p>[\/et_pb_text][\/et_pb_column][\/et_pb_row][\/et_pb_section][et_pb_section fb_built=\u00bb1&#8243; _builder_version=\u00bb4.27.5&#8243; _module_preset=\u00bbdefault\u00bb min_height=\u00bb628.2px\u00bb custom_margin=\u00bb-2px|||||\u00bb custom_padding=\u00bb6px||0px|||\u00bb global_colors_info=\u00bb{}\u00bb][et_pb_row column_structure=\u00bb3_5,2_5&#8243; _builder_version=\u00bb4.27.5&#8243; _module_preset=\u00bbdefault\u00bb background_color=\u00bb#000000&#8243; width=\u00bb100%\u00bb max_width=\u00bb1505px\u00bb custom_margin=\u00bb5px|auto|-23px|auto|false|false\u00bb custom_padding=\u00bb1px||3px|||\u00bb animation_style=\u00bbslide\u00bb animation_direction=\u00bbright\u00bb global_colors_info=\u00bb{}\u00bb][et_pb_column type=\u00bb3_5&#8243; _builder_version=\u00bb4.27.5&#8243; _module_preset=\u00bbdefault\u00bb background_color=\u00bb#000000&#8243; global_colors_info=\u00bb{}\u00bb][et_pb_image src=\u00bbhttps:\/\/arquitectonicagrupo.creativos75.es\/wp-content\/uploads\/2026\/03\/5.1_04.png\u00bb title_text=\u00bb5.1_04&#8243; _builder_version=\u00bb4.27.5&#8243; _module_preset=\u00bbdefault\u00bb min_height=\u00bb421.3px\u00bb custom_margin=\u00bb-2px||-2px||false|false\u00bb custom_padding=\u00bb2px||0px||false|false\u00bb animation_style=\u00bbslide\u00bb animation_direction=\u00bbright\u00bb global_colors_info=\u00bb{}\u00bb][\/et_pb_image][\/et_pb_column][et_pb_column type=\u00bb2_5&#8243; _builder_version=\u00bb4.27.5&#8243; _module_preset=\u00bbdefault\u00bb global_colors_info=\u00bb{}\u00bb][et_pb_image src=\u00bbhttps:\/\/arquitectonicagrupo.creativos75.es\/wp-content\/uploads\/2026\/03\/PROMOCIONES-1.jpg\u00bb title_text=\u00bbPROMOCIONES\u00bb _builder_version=\u00bb4.27.5&#8243; _module_preset=\u00bbdefault\u00bb transform_translate=\u00bb97px|115px\u00bb transform_translate_linked=\u00bboff\u00bb global_colors_info=\u00bb{}\u00bb][\/et_pb_image][\/et_pb_column][\/et_pb_row][et_pb_row column_structure=\u00bb2_5,3_5&#8243; _builder_version=\u00bb4.27.5&#8243; _module_preset=\u00bbdefault\u00bb background_color=\u00bb#000000&#8243; width=\u00bb100%\u00bb max_width=\u00bb1505px\u00bb custom_margin=\u00bb|auto|-7px|auto||\u00bb custom_padding=\u00bb0px||3px|||\u00bb animation_style=\u00bbslide\u00bb animation_direction=\u00bbleft\u00bb global_colors_info=\u00bb{}\u00bb][et_pb_column type=\u00bb2_5&#8243; _builder_version=\u00bb4.27.5&#8243; _module_preset=\u00bbdefault\u00bb background_color=\u00bb#000000&#8243; global_colors_info=\u00bb{}\u00bb][et_pb_image src=\u00bbhttps:\/\/arquitectonicagrupo.creativos75.es\/wp-content\/uploads\/2026\/03\/LUXURY-2.jpg\u00bb title_text=\u00bbLUXURY\u00bb _builder_version=\u00bb4.27.5&#8243; _module_preset=\u00bbdefault\u00bb transform_translate=\u00bb147px|110px\u00bb transform_translate_linked=\u00bboff\u00bb global_colors_info=\u00bb{}\u00bb][\/et_pb_image][\/et_pb_column][et_pb_column type=\u00bb3_5&#8243; _builder_version=\u00bb4.27.5&#8243; _module_preset=\u00bbdefault\u00bb global_colors_info=\u00bb{}\u00bb][et_pb_image src=\u00bbhttps:\/\/arquitectonicagrupo.creativos75.es\/wp-content\/uploads\/2026\/03\/7.2_10-viv-Los-Frutales.jpg\u00bb title_text=\u00bb7.2_10 viv Los Frutales\u00bb _builder_version=\u00bb4.27.5&#8243; _module_preset=\u00bbdefault\u00bb min_height=\u00bb480.3px\u00bb custom_margin=\u00bb||-3px|||\u00bb custom_padding=\u00bb0px||0px|||\u00bb global_colors_info=\u00bb{}\u00bb][\/et_pb_image][\/et_pb_column][\/et_pb_row][et_pb_row column_structure=\u00bb3_5,2_5&#8243; _builder_version=\u00bb4.27.5&#8243; _module_preset=\u00bbdefault\u00bb background_color=\u00bb#000000&#8243; z_index=\u00bb122&#8243; width=\u00bb100%\u00bb max_width=\u00bb1505px\u00bb min_height=\u00bb475.6px\u00bb custom_margin=\u00bb4px|auto|-14px|auto|false|false\u00bb custom_padding=\u00bb0px||0px|||\u00bb animation_style=\u00bbslide\u00bb animation_direction=\u00bbright\u00bb global_colors_info=\u00bb{}\u00bb][et_pb_column type=\u00bb3_5&#8243; _builder_version=\u00bb4.27.5&#8243; _module_preset=\u00bbdefault\u00bb background_color=\u00bb#000000&#8243; global_colors_info=\u00bb{}\u00bb][et_pb_image src=\u00bbhttps:\/\/arquitectonicagrupo.creativos75.es\/wp-content\/uploads\/2026\/03\/09.2_arcos-37-scaled.jpg\u00bb title_text=\u00bb09.2_arcos 37&#8243; _builder_version=\u00bb4.27.5&#8243; _module_preset=\u00bbdefault\u00bb min_height=\u00bb421.3px\u00bb custom_margin=\u00bb-4px||1px||false|false\u00bb custom_padding=\u00bb2px||0px||false|false\u00bb animation_style=\u00bbslide\u00bb animation_direction=\u00bbright\u00bb global_colors_info=\u00bb{}\u00bb][\/et_pb_image][\/et_pb_column][et_pb_column type=\u00bb2_5&#8243; _builder_version=\u00bb4.27.5&#8243; _module_preset=\u00bbdefault\u00bb global_colors_info=\u00bb{}\u00bb][et_pb_image src=\u00bbhttps:\/\/arquitectonicagrupo.creativos75.es\/wp-content\/uploads\/2026\/03\/PROYECTOS-SINGULARES.jpg\u00bb title_text=\u00bbPROYECTOS-SINGULARES\u00bb align=\u00bbcenter\u00bb _builder_version=\u00bb4.27.5&#8243; _module_preset=\u00bbdefault\u00bb transform_scale=\u00bb90%|90%\u00bb transform_translate=\u00bb-23px|120px\u00bb transform_translate_linked=\u00bboff\u00bb global_colors_info=\u00bb{}\u00bb][\/et_pb_image][\/et_pb_column][\/et_pb_row][\/et_pb_section][et_pb_section fb_built=\u00bb1&#8243; _builder_version=\u00bb4.27.5&#8243; _module_preset=\u00bbdefault\u00bb background_color=\u00bb#ebebeb\u00bb custom_padding=\u00bb49px||129px|||\u00bb global_colors_info=\u00bb{}\u00bb][et_pb_row _builder_version=\u00bb4.27.5&#8243; _module_preset=\u00bbdefault\u00bb global_colors_info=\u00bb{}\u00bb][et_pb_column type=\u00bb4_4&#8243; _builder_version=\u00bb4.27.5&#8243; _module_preset=\u00bbdefault\u00bb global_colors_info=\u00bb{}\u00bb][et_pb_text _builder_version=\u00bb4.27.5&#8243; _module_preset=\u00bbdefault\u00bb text_font_size=\u00bb19px\u00bb custom_margin=\u00bb77px|||||\u00bb global_colors_info=\u00bb{}\u00bb]<\/p>\n<p style=\"text-align: center;\">\u00bfTienes un sue\u00f1o?<br \/>Nosotros lo hacemos realidad<\/p>\n<p>[\/et_pb_text][\/et_pb_column][\/et_pb_row][\/et_pb_section]<\/p>\n","protected":false},"excerpt":{"rendered":"<p>Viviendas industrializadasEn Arquitect\u00f3nica Grupo apostamos por la construcci\u00f3n industrializada como una evoluci\u00f3n natural de la arquitectura contempor\u00e1nea. Este sistema permite fabricar gran parte de la vivienda en entornos controlados, optimizando tiempos de ejecuci\u00f3n, calidad constructiva y sostenibilidad. La industrializaci\u00f3n reduce imprevistos en obra, mejora la precisi\u00f3n de los procesos constructivos y permite ofrecer viviendas con [&hellip;]<\/p>\n","protected":false},"author":2,"featured_media":0,"parent":0,"menu_order":0,"comment_status":"closed","ping_status":"closed","template":"","meta":{"_et_pb_use_builder":"on","_et_pb_old_content":"","_et_gb_content_width":"","footnotes":""},"class_list":["post-176","page","type-page","status-publish","hentry"],"_links":{"self":[{"href":"https:\/\/arquitectonicagrupo.creativos75.es\/index.php\/wp-json\/wp\/v2\/pages\/176","targetHints":{"allow":["GET"]}}],"collection":[{"href":"https:\/\/arquitectonicagrupo.creativos75.es\/index.php\/wp-json\/wp\/v2\/pages"}],"about":[{"href":"https:\/\/arquitectonicagrupo.creativos75.es\/index.php\/wp-json\/wp\/v2\/types\/page"}],"author":[{"embeddable":true,"href":"https:\/\/arquitectonicagrupo.creativos75.es\/index.php\/wp-json\/wp\/v2\/users\/2"}],"replies":[{"embeddable":true,"href":"https:\/\/arquitectonicagrupo.creativos75.es\/index.php\/wp-json\/wp\/v2\/comments?post=176"}],"version-history":[{"count":14,"href":"https:\/\/arquitectonicagrupo.creativos75.es\/index.php\/wp-json\/wp\/v2\/pages\/176\/revisions"}],"predecessor-version":[{"id":301,"href":"https:\/\/arquitectonicagrupo.creativos75.es\/index.php\/wp-json\/wp\/v2\/pages\/176\/revisions\/301"}],"wp:attachment":[{"href":"https:\/\/arquitectonicagrupo.creativos75.es\/index.php\/wp-json\/wp\/v2\/media?parent=176"}],"curies":[{"name":"wp","href":"https:\/\/api.w.org\/{rel}","templated":true}]}}