{"id":13,"date":"2026-03-04T19:31:05","date_gmt":"2026-03-04T19:31:05","guid":{"rendered":"https:\/\/arquitectonicagrupo.creativos75.es\/?page_id=13"},"modified":"2026-03-25T18:42:15","modified_gmt":"2026-03-25T18:42:15","slug":"inicio","status":"publish","type":"page","link":"https:\/\/arquitectonicagrupo.creativos75.es\/index.php\/inicio\/","title":{"rendered":"Inicio"},"content":{"rendered":"<p>[et_pb_section fb_built=\u00bb1&#8243; _builder_version=\u00bb4.27.5&#8243; _module_preset=\u00bbdefault\u00bb background_image=\u00bbhttps:\/\/arquitectonicagrupo.creativos75.es\/wp-content\/uploads\/2026\/03\/7.2_10-viv-Los-Frutales-1.jpg\u00bb background_enable_video_mp4=\u00bboff\u00bb transform_translate=\u00bb0px|-188px\u00bb transform_translate_linked=\u00bboff\u00bb custom_padding=\u00bb||677px|||\u00bb animation_style=\u00bbslide\u00bb animation_duration=\u00bb1550ms\u00bb global_colors_info=\u00bb{}\u00bb][\/et_pb_section][et_pb_section fb_built=\u00bb1&#8243; _builder_version=\u00bb4.27.5&#8243; _module_preset=\u00bbdefault\u00bb custom_margin=\u00bb-123px|||||\u00bb custom_padding=\u00bb34px||5px|||\u00bb global_colors_info=\u00bb{}\u00bb][et_pb_row column_structure=\u00bb1_2,1_2&#8243; _builder_version=\u00bb4.27.5&#8243; _module_preset=\u00bbdefault\u00bb custom_margin=\u00bb|auto||231px||\u00bb custom_padding=\u00bb2px||3px|||\u00bb global_colors_info=\u00bb{}\u00bb][et_pb_column type=\u00bb1_2&#8243; _builder_version=\u00bb4.27.5&#8243; _module_preset=\u00bbdefault\u00bb global_colors_info=\u00bb{}\u00bb][et_pb_image src=\u00bbhttps:\/\/arquitectonicagrupo.creativos75.es\/wp-content\/uploads\/2026\/03\/logo-web2-arquitectonica-grupo.jpg\u00bb title_text=\u00bblogo-web2-arquitectonica-grupo\u00bb _builder_version=\u00bb4.27.5&#8243; _module_preset=\u00bbdefault\u00bb width=\u00bb100%\u00bb custom_margin=\u00bb19px|||33px||\u00bb global_colors_info=\u00bb{}\u00bb][\/et_pb_image][\/et_pb_column][et_pb_column type=\u00bb1_2&#8243; _builder_version=\u00bb4.27.5&#8243; _module_preset=\u00bbdefault\u00bb global_colors_info=\u00bb{}\u00bb][et_pb_text _builder_version=\u00bb4.27.5&#8243; _module_preset=\u00bbdefault\u00bb custom_margin=\u00bb8px|||||\u00bb global_colors_info=\u00bb{}\u00bb]<\/p>\n<p data-start=\"82\" data-end=\"267\"><strong data-start=\"82\" data-end=\"106\">Arquitect\u00f3nica Grupo<\/strong> desarrolla proyectos residenciales y promociones exclusivas donde dise\u00f1o, innovaci\u00f3n y eficiencia constructiva se unen para crear espacios \u00fanicos y duraderos.<\/p>\n<p data-start=\"269\" data-end=\"436\">Combinamos arquitectura contempor\u00e1nea e industrializaci\u00f3n para ofrecer soluciones de alta calidad, acompa\u00f1ando al cliente desde la idea inicial hasta la entrega final.<\/p>\n<p>&nbsp;<\/p>\n<p>[\/et_pb_text][\/et_pb_column][\/et_pb_row][\/et_pb_section][et_pb_section fb_built=\u00bb1&#8243; _builder_version=\u00bb4.27.5&#8243; _module_preset=\u00bbdefault\u00bb background_image=\u00bbhttps:\/\/arquitectonicagrupo.creativos75.es\/wp-content\/uploads\/2026\/03\/fondo-fotos-3.jpg\u00bb parallax=\u00bbon\u00bb custom_padding=\u00bb||0px|||\u00bb global_colors_info=\u00bb{}\u00bb][et_pb_row _builder_version=\u00bb4.27.5&#8243; _module_preset=\u00bbdefault\u00bb width=\u00bb100%\u00bb max_width=\u00bb1508px\u00bb custom_margin=\u00bb-57px|auto||auto||\u00bb custom_padding=\u00bb1px||0px|||\u00bb global_colors_info=\u00bb{}\u00bb][et_pb_column type=\u00bb4_4&#8243; _builder_version=\u00bb4.27.5&#8243; _module_preset=\u00bbdefault\u00bb global_colors_info=\u00bb{}\u00bb][et_pb_image src=\u00bbhttps:\/\/arquitectonicagrupo.creativos75.es\/wp-content\/uploads\/2026\/03\/mascara.png\u00bb title_text=\u00bbmascara\u00bb force_fullwidth=\u00bbon\u00bb _builder_version=\u00bb4.27.5&#8243; _module_preset=\u00bbdefault\u00bb custom_margin=\u00bb2px|||||\u00bb global_colors_info=\u00bb{}\u00bb][\/et_pb_image][\/et_pb_column][\/et_pb_row][\/et_pb_section][et_pb_section fb_built=\u00bb1&#8243; _builder_version=\u00bb4.27.5&#8243; _module_preset=\u00bbdefault\u00bb min_height=\u00bb628.2px\u00bb custom_margin=\u00bb-2px|||||\u00bb custom_padding=\u00bb6px||0px|||\u00bb global_colors_info=\u00bb{}\u00bb][et_pb_row column_structure=\u00bb2_5,3_5&#8243; _builder_version=\u00bb4.27.5&#8243; _module_preset=\u00bbdefault\u00bb background_color=\u00bb#000000&#8243; width=\u00bb100%\u00bb max_width=\u00bb1505px\u00bb custom_margin=\u00bb|auto|-7px|auto||\u00bb custom_padding=\u00bb0px||3px|||\u00bb animation_style=\u00bbslide\u00bb animation_direction=\u00bbleft\u00bb global_colors_info=\u00bb{}\u00bb][et_pb_column type=\u00bb2_5&#8243; _builder_version=\u00bb4.27.5&#8243; _module_preset=\u00bbdefault\u00bb background_color=\u00bb#000000&#8243; global_colors_info=\u00bb{}\u00bb][et_pb_image src=\u00bbhttps:\/\/arquitectonicagrupo.creativos75.es\/wp-content\/uploads\/2026\/03\/LUXURY-2.jpg\u00bb title_text=\u00bbLUXURY\u00bb _builder_version=\u00bb4.27.5&#8243; _module_preset=\u00bbdefault\u00bb transform_translate=\u00bb147px|110px\u00bb transform_translate_linked=\u00bboff\u00bb global_colors_info=\u00bb{}\u00bb][\/et_pb_image][\/et_pb_column][et_pb_column type=\u00bb3_5&#8243; _builder_version=\u00bb4.27.5&#8243; _module_preset=\u00bbdefault\u00bb global_colors_info=\u00bb{}\u00bb][et_pb_image src=\u00bbhttps:\/\/arquitectonicagrupo.creativos75.es\/wp-content\/uploads\/2026\/03\/7.2_10-viv-Los-Frutales.jpg\u00bb title_text=\u00bb7.2_10 viv Los Frutales\u00bb _builder_version=\u00bb4.27.5&#8243; _module_preset=\u00bbdefault\u00bb min_height=\u00bb480.3px\u00bb custom_margin=\u00bb||-3px|||\u00bb custom_padding=\u00bb0px||0px|||\u00bb global_colors_info=\u00bb{}\u00bb][\/et_pb_image][\/et_pb_column][\/et_pb_row][et_pb_row column_structure=\u00bb3_5,2_5&#8243; _builder_version=\u00bb4.27.5&#8243; _module_preset=\u00bbdefault\u00bb background_color=\u00bb#000000&#8243; width=\u00bb100%\u00bb max_width=\u00bb1505px\u00bb custom_margin=\u00bb5px|auto|-23px|auto|false|false\u00bb custom_padding=\u00bb1px||3px|||\u00bb animation_style=\u00bbslide\u00bb animation_direction=\u00bbright\u00bb global_colors_info=\u00bb{}\u00bb][et_pb_column type=\u00bb3_5&#8243; _builder_version=\u00bb4.27.5&#8243; _module_preset=\u00bbdefault\u00bb background_color=\u00bb#000000&#8243; global_colors_info=\u00bb{}\u00bb][et_pb_image src=\u00bbhttps:\/\/arquitectonicagrupo.creativos75.es\/wp-content\/uploads\/2026\/03\/5.1_04.png\u00bb title_text=\u00bb5.1_04&#8243; _builder_version=\u00bb4.27.5&#8243; _module_preset=\u00bbdefault\u00bb min_height=\u00bb421.3px\u00bb custom_margin=\u00bb-2px||-2px||false|false\u00bb custom_padding=\u00bb2px||0px||false|false\u00bb animation_style=\u00bbslide\u00bb animation_direction=\u00bbright\u00bb global_colors_info=\u00bb{}\u00bb][\/et_pb_image][\/et_pb_column][et_pb_column type=\u00bb2_5&#8243; _builder_version=\u00bb4.27.5&#8243; _module_preset=\u00bbdefault\u00bb global_colors_info=\u00bb{}\u00bb][et_pb_image src=\u00bbhttps:\/\/arquitectonicagrupo.creativos75.es\/wp-content\/uploads\/2026\/03\/PROMOCIONES-1.jpg\u00bb title_text=\u00bbPROMOCIONES\u00bb _builder_version=\u00bb4.27.5&#8243; _module_preset=\u00bbdefault\u00bb transform_translate=\u00bb97px|115px\u00bb transform_translate_linked=\u00bboff\u00bb global_colors_info=\u00bb{}\u00bb][\/et_pb_image][\/et_pb_column][\/et_pb_row][et_pb_row column_structure=\u00bb2_5,3_5&#8243; _builder_version=\u00bb4.27.5&#8243; _module_preset=\u00bbdefault\u00bb background_color=\u00bb#000000&#8243; width=\u00bb100%\u00bb max_width=\u00bb1505px\u00bb min_height=\u00bb502.3px\u00bb custom_margin=\u00bb21px|auto|-7px|auto||\u00bb custom_padding=\u00bb0px||1px|||\u00bb animation_style=\u00bbslide\u00bb animation_direction=\u00bbleft\u00bb link_option_url=\u00bbhttps:\/\/arquitectonicagrupo.creativos75.es\/index.php\/industrializados\/\u00bb global_colors_info=\u00bb{}\u00bb][et_pb_column type=\u00bb2_5&#8243; _builder_version=\u00bb4.27.5&#8243; _module_preset=\u00bbdefault\u00bb background_enable_color=\u00bboff\u00bb global_colors_info=\u00bb{}\u00bb][et_pb_image src=\u00bbhttps:\/\/arquitectonicagrupo.creativos75.es\/wp-content\/uploads\/2026\/03\/INDUSTRIALIZADO-3.jpg\u00bb title_text=\u00bbINDUSTRIALIZADO\u00bb _builder_version=\u00bb4.27.5&#8243; _module_preset=\u00bbdefault\u00bb transform_translate=\u00bb143px|120px\u00bb transform_translate_linked=\u00bboff\u00bb global_colors_info=\u00bb{}\u00bb][\/et_pb_image][\/et_pb_column][et_pb_column type=\u00bb3_5&#8243; _builder_version=\u00bb4.27.5&#8243; _module_preset=\u00bbdefault\u00bb global_colors_info=\u00bb{}\u00bb][et_pb_image src=\u00bbhttps:\/\/arquitectonicagrupo.creativos75.es\/wp-content\/uploads\/2026\/03\/ARQUITECTONICA-01-Exterior-1b_JULIANA.jpg\u00bb title_text=\u00bbARQUITECT\u00d3NICA 01 Exterior 1b_JULIANA\u00bb _builder_version=\u00bb4.27.5&#8243; _module_preset=\u00bbdefault\u00bb min_height=\u00bb508.2px\u00bb custom_margin=\u00bb0px||0px||false|false\u00bb custom_padding=\u00bb0px||0px||false|false\u00bb global_colors_info=\u00bb{}\u00bb][\/et_pb_image][\/et_pb_column][\/et_pb_row][et_pb_row column_structure=\u00bb3_5,2_5&#8243; _builder_version=\u00bb4.27.5&#8243; _module_preset=\u00bbdefault\u00bb background_color=\u00bb#000000&#8243; z_index=\u00bb122&#8243; width=\u00bb100%\u00bb max_width=\u00bb1505px\u00bb min_height=\u00bb475.6px\u00bb custom_margin=\u00bb4px|auto|-14px|auto|false|false\u00bb custom_padding=\u00bb0px||0px|||\u00bb animation_style=\u00bbslide\u00bb animation_direction=\u00bbright\u00bb global_colors_info=\u00bb{}\u00bb][et_pb_column type=\u00bb3_5&#8243; _builder_version=\u00bb4.27.5&#8243; _module_preset=\u00bbdefault\u00bb background_color=\u00bb#000000&#8243; global_colors_info=\u00bb{}\u00bb][et_pb_image src=\u00bbhttps:\/\/arquitectonicagrupo.creativos75.es\/wp-content\/uploads\/2026\/03\/09.2_arcos-37-scaled.jpg\u00bb title_text=\u00bb09.2_arcos 37&#8243; _builder_version=\u00bb4.27.5&#8243; _module_preset=\u00bbdefault\u00bb min_height=\u00bb421.3px\u00bb custom_margin=\u00bb-4px||1px||false|false\u00bb custom_padding=\u00bb2px||0px||false|false\u00bb animation_style=\u00bbslide\u00bb animation_direction=\u00bbright\u00bb global_colors_info=\u00bb{}\u00bb][\/et_pb_image][\/et_pb_column][et_pb_column type=\u00bb2_5&#8243; _builder_version=\u00bb4.27.5&#8243; _module_preset=\u00bbdefault\u00bb global_colors_info=\u00bb{}\u00bb][et_pb_image src=\u00bbhttps:\/\/arquitectonicagrupo.creativos75.es\/wp-content\/uploads\/2026\/03\/PROYECTOS-SINGULARES.jpg\u00bb title_text=\u00bbPROYECTOS-SINGULARES\u00bb align=\u00bbcenter\u00bb _builder_version=\u00bb4.27.5&#8243; _module_preset=\u00bbdefault\u00bb transform_scale=\u00bb90%|90%\u00bb transform_translate=\u00bb-23px|120px\u00bb transform_translate_linked=\u00bboff\u00bb global_colors_info=\u00bb{}\u00bb][\/et_pb_image][\/et_pb_column][\/et_pb_row][\/et_pb_section][et_pb_section fb_built=\u00bb1&#8243; _builder_version=\u00bb4.27.5&#8243; _module_preset=\u00bbdefault\u00bb background_color=\u00bb#ebebeb\u00bb custom_padding=\u00bb49px||95px|||\u00bb global_colors_info=\u00bb{}\u00bb][et_pb_row _builder_version=\u00bb4.27.5&#8243; _module_preset=\u00bbdefault\u00bb custom_padding=\u00bb4px|||||\u00bb global_colors_info=\u00bb{}\u00bb][et_pb_column type=\u00bb4_4&#8243; _builder_version=\u00bb4.27.5&#8243; _module_preset=\u00bbdefault\u00bb global_colors_info=\u00bb{}\u00bb][et_pb_text _builder_version=\u00bb4.27.5&#8243; _module_preset=\u00bbdefault\u00bb text_font_size=\u00bb26px\u00bb text_line_height=\u00bb1.2em\u00bb custom_margin=\u00bb77px|||||\u00bb global_colors_info=\u00bb{}\u00bb]<\/p>\n<p style=\"text-align: center;\">\u00bfTienes un sue\u00f1o?<br \/>Nosotros lo hacemos realidad<\/p>\n<p>[\/et_pb_text][\/et_pb_column][\/et_pb_row][\/et_pb_section][et_pb_section fb_built=\u00bb1&#8243; _builder_version=\u00bb4.27.5&#8243; _module_preset=\u00bbdefault\u00bb background_color=\u00bb#ebebeb\u00bb custom_padding=\u00bb0px|||||\u00bb global_colors_info=\u00bb{}\u00bb][et_pb_row column_structure=\u00bb1_3,1_3,1_3&#8243; _builder_version=\u00bb4.27.5&#8243; _module_preset=\u00bbdefault\u00bb width=\u00bb100%\u00bb max_width=\u00bb1508px\u00bb custom_margin=\u00bb-22px|auto||auto||\u00bb global_colors_info=\u00bb{}\u00bb][et_pb_column type=\u00bb1_3&#8243; _builder_version=\u00bb4.27.5&#8243; _module_preset=\u00bbdefault\u00bb global_colors_info=\u00bb{}\u00bb][et_pb_image src=\u00bbhttps:\/\/arquitectonicagrupo.creativos75.es\/wp-content\/uploads\/2026\/03\/WhatsApp-Image-2021-11-11-at-10.08.15-1.jpeg\u00bb title_text=\u00bbWhatsApp Image 2021-11-11 at 10.08.15 (1)\u00bb _builder_version=\u00bb4.27.5&#8243; _module_preset=\u00bbdefault\u00bb global_colors_info=\u00bb{}\u00bb][\/et_pb_image][\/et_pb_column][et_pb_column type=\u00bb1_3&#8243; _builder_version=\u00bb4.27.5&#8243; _module_preset=\u00bbdefault\u00bb global_colors_info=\u00bb{}\u00bb][et_pb_image src=\u00bbhttps:\/\/arquitectonicagrupo.creativos75.es\/wp-content\/uploads\/2026\/03\/foto-casa-hormigon-web.jpg\u00bb title_text=\u00bbfoto-casa-hormig\u00f3n-web\u00bb _builder_version=\u00bb4.27.5&#8243; _module_preset=\u00bbdefault\u00bb global_colors_info=\u00bb{}\u00bb][\/et_pb_image][\/et_pb_column][et_pb_column type=\u00bb1_3&#8243; _builder_version=\u00bb4.27.5&#8243; _module_preset=\u00bbdefault\u00bb global_colors_info=\u00bb{}\u00bb][et_pb_image src=\u00bbhttps:\/\/arquitectonicagrupo.creativos75.es\/wp-content\/uploads\/2026\/03\/WhatsApp-Image-2021-11-11-at-10.07.40.jpeg\u00bb title_text=\u00bbWhatsApp Image 2021-11-11 at 10.07.40&#8243; _builder_version=\u00bb4.27.5&#8243; _module_preset=\u00bbdefault\u00bb global_colors_info=\u00bb{}\u00bb][\/et_pb_image][\/et_pb_column][\/et_pb_row][\/et_pb_section]<\/p>\n","protected":false},"excerpt":{"rendered":"<p>Arquitect\u00f3nica Grupo desarrolla proyectos residenciales y promociones exclusivas donde dise\u00f1o, innovaci\u00f3n y eficiencia constructiva se unen para crear espacios \u00fanicos y duraderos. Combinamos arquitectura contempor\u00e1nea e industrializaci\u00f3n para ofrecer soluciones de alta calidad, acompa\u00f1ando al cliente desde la idea inicial hasta la entrega final. &nbsp;\u00bfTienes un sue\u00f1o?Nosotros lo hacemos realidad<\/p>\n","protected":false},"author":2,"featured_media":0,"parent":0,"menu_order":0,"comment_status":"closed","ping_status":"closed","template":"","meta":{"_et_pb_use_builder":"on","_et_pb_old_content":"","_et_gb_content_width":"","footnotes":""},"class_list":["post-13","page","type-page","status-publish","hentry"],"_links":{"self":[{"href":"https:\/\/arquitectonicagrupo.creativos75.es\/index.php\/wp-json\/wp\/v2\/pages\/13","targetHints":{"allow":["GET"]}}],"collection":[{"href":"https:\/\/arquitectonicagrupo.creativos75.es\/index.php\/wp-json\/wp\/v2\/pages"}],"about":[{"href":"https:\/\/arquitectonicagrupo.creativos75.es\/index.php\/wp-json\/wp\/v2\/types\/page"}],"author":[{"embeddable":true,"href":"https:\/\/arquitectonicagrupo.creativos75.es\/index.php\/wp-json\/wp\/v2\/users\/2"}],"replies":[{"embeddable":true,"href":"https:\/\/arquitectonicagrupo.creativos75.es\/index.php\/wp-json\/wp\/v2\/comments?post=13"}],"version-history":[{"count":53,"href":"https:\/\/arquitectonicagrupo.creativos75.es\/index.php\/wp-json\/wp\/v2\/pages\/13\/revisions"}],"predecessor-version":[{"id":284,"href":"https:\/\/arquitectonicagrupo.creativos75.es\/index.php\/wp-json\/wp\/v2\/pages\/13\/revisions\/284"}],"wp:attachment":[{"href":"https:\/\/arquitectonicagrupo.creativos75.es\/index.php\/wp-json\/wp\/v2\/media?parent=13"}],"curies":[{"name":"wp","href":"https:\/\/api.w.org\/{rel}","templated":true}]}}